{"id":167,"date":"2025-09-28T09:11:24","date_gmt":"2025-09-28T09:11:24","guid":{"rendered":"http:\/\/latavernoise.fr\/?page_id=167"},"modified":"2025-12-11T19:16:58","modified_gmt":"2025-12-11T19:16:58","slug":"le-trail-des-fours-a-chaux","status":"publish","type":"page","link":"http:\/\/latavernoise.fr\/index.php\/le-trail-des-fours-a-chaux\/","title":{"rendered":"Le Trail des fours \u00e0 chaux"},"content":{"rendered":"\n<div class=\"wp-block-group has-global-padding is-layout-constrained wp-block-group-is-layout-constrained\">\n<h2 class=\"wp-block-heading has-text-align-center has-medium-font-size\" style=\"letter-spacing:1px\"><mark style=\"background-color:rgba(0, 0, 0, 0)\" class=\"has-inline-color has-secondary-color\"><strong>LE TRAIL DES FOURS A CHAUX<\/strong><\/mark><\/h2>\n\n\n\n<p class=\"has-text-align-center\">Le Trail des fours \u00e0 chaux parcourt la Montagnade de Ribaute les Tavernes sur un circuit de 11,350 kms avec un d\u00e9nivel\u00e9 de 200 m positifs.<\/p>\n\n\n\n<p class=\"has-text-align-center\">Ouvert \u00e0 toutes et tous, venez participer \u00e0 ce trail des fours \u00e0 chaux le <strong>8 mars 2026<\/strong>. D\u00e9part \u00e0 9h30 au foyer de Ribaute les Tavernes.<\/p>\n\n\n\n<p class=\"has-text-align-center\"><\/p>\n\n\n\n<p class=\"has-text-align-center\"><mark style=\"background-color:rgba(0, 0, 0, 0)\" class=\"has-inline-color has-secondary-color\">LE<\/mark><strong><mark style=\"background-color:rgba(0, 0, 0, 0)\" class=\"has-inline-color has-secondary-color\"> TRAIL DES FOURS A CHAUX<\/mark><\/strong>.<\/p>\n\n\n\n<hr class=\"wp-block-separator has-alpha-channel-opacity\"\/>\n<\/div>\n\n\n\n<div id=\"services\" class=\"wp-block-group alignfull pattern_multiple_covers has-background has-global-padding is-layout-constrained wp-block-group-is-layout-constrained\">\n<div class=\"wp-block-columns is-layout-flex wp-container-core-columns-is-layout-28f84493 wp-block-columns-is-layout-flex\">\n<div class=\"wp-block-column is-layout-flow wp-block-column-is-layout-flow\" style=\"padding-top:0;padding-right:0;padding-bottom:0;padding-left:0\">\n<figure class=\"wp-block-image size-large\"><img fetchpriority=\"high\" decoding=\"async\" width=\"1024\" height=\"682\" src=\"http:\/\/latavernoise.fr\/wp-content\/uploads\/2025\/09\/fours-a-chaux-1-1024x682.jpg\" alt=\"\" class=\"wp-image-181\" srcset=\"http:\/\/latavernoise.fr\/wp-content\/uploads\/2025\/09\/fours-a-chaux-1-1024x682.jpg 1024w, http:\/\/latavernoise.fr\/wp-content\/uploads\/2025\/09\/fours-a-chaux-1-300x200.jpg 300w, http:\/\/latavernoise.fr\/wp-content\/uploads\/2025\/09\/fours-a-chaux-1.jpg 1772w\" sizes=\"(max-width: 1024px) 100vw, 1024px\" \/><\/figure>\n<\/div>\n\n\n\n<div class=\"wp-block-column is-layout-flow wp-block-column-is-layout-flow\" style=\"padding-top:0;padding-right:0;padding-bottom:0;padding-left:0\">\n<figure class=\"wp-block-image\"><img decoding=\"async\" width=\"1024\" height=\"683\" src=\"http:\/\/latavernoise.fr\/wp-content\/uploads\/2025\/09\/passage-fours-a-chaux-1-1024x683.jpg\" alt=\"\" class=\"wp-image-178\" srcset=\"http:\/\/latavernoise.fr\/wp-content\/uploads\/2025\/09\/passage-fours-a-chaux-1-1024x683.jpg 1024w, http:\/\/latavernoise.fr\/wp-content\/uploads\/2025\/09\/passage-fours-a-chaux-1-300x200.jpg 300w, http:\/\/latavernoise.fr\/wp-content\/uploads\/2025\/09\/passage-fours-a-chaux-1-2000x1333.jpg 2000w\" sizes=\"(max-width: 1024px) 100vw, 1024px\" \/><\/figure>\n<\/div>\n<\/div>\n<\/div>\n\n\n\n<hr class=\"wp-block-separator has-alpha-channel-opacity\"\/>\n\n\n\n<div id=\"services\" class=\"wp-block-group alignfull pattern_multiple_covers has-background has-global-padding is-layout-constrained wp-block-group-is-layout-constrained\">\n<div class=\"wp-block-columns is-layout-flex wp-container-core-columns-is-layout-28f84493 wp-block-columns-is-layout-flex\">\n<div class=\"wp-block-column is-layout-flow wp-block-column-is-layout-flow\" style=\"padding-top:0;padding-right:0;padding-bottom:0;padding-left:0\">\n<figure class=\"wp-block-image aligncenter size-large\"><img decoding=\"async\" width=\"1024\" height=\"458\" src=\"http:\/\/latavernoise.fr\/wp-content\/uploads\/2025\/10\/presentation-fours-a-chaux-1024x458.jpg\" alt=\"\" class=\"wp-image-307\" srcset=\"http:\/\/latavernoise.fr\/wp-content\/uploads\/2025\/10\/presentation-fours-a-chaux-1024x458.jpg 1024w, http:\/\/latavernoise.fr\/wp-content\/uploads\/2025\/10\/presentation-fours-a-chaux-300x134.jpg 300w, http:\/\/latavernoise.fr\/wp-content\/uploads\/2025\/10\/presentation-fours-a-chaux-2000x895.jpg 2000w\" sizes=\"(max-width: 1024px) 100vw, 1024px\" \/><\/figure>\n<\/div>\n\n\n\n<div class=\"wp-block-column is-layout-flow wp-block-column-is-layout-flow\" style=\"padding-top:0;padding-right:0;padding-bottom:0;padding-left:0\">\n<figure class=\"wp-block-image size-large\"><img loading=\"lazy\" decoding=\"async\" width=\"957\" height=\"1024\" src=\"http:\/\/latavernoise.fr\/wp-content\/uploads\/2025\/10\/schema-dun-four-a-chaux-957x1024.jpg\" alt=\"\" class=\"wp-image-309\" srcset=\"http:\/\/latavernoise.fr\/wp-content\/uploads\/2025\/10\/schema-dun-four-a-chaux-957x1024.jpg 957w, http:\/\/latavernoise.fr\/wp-content\/uploads\/2025\/10\/schema-dun-four-a-chaux-280x300.jpg 280w, http:\/\/latavernoise.fr\/wp-content\/uploads\/2025\/10\/schema-dun-four-a-chaux.jpg 1408w\" sizes=\"(max-width: 957px) 100vw, 957px\" \/><\/figure>\n<\/div>\n<\/div>\n<\/div>\n\n\n\n<hr class=\"wp-block-separator has-alpha-channel-opacity\"\/>\n\n\n\n<div id=\"services\" class=\"wp-block-group alignfull pattern_multiple_covers has-background has-global-padding is-layout-constrained wp-block-group-is-layout-constrained\">\n<div class=\"wp-block-columns is-layout-flex wp-container-core-columns-is-layout-28f84493 wp-block-columns-is-layout-flex\">\n<div class=\"wp-block-column is-layout-flow wp-block-column-is-layout-flow\" style=\"padding-top:0;padding-right:0;padding-bottom:0;padding-left:0\">\n<figure class=\"wp-block-image aligncenter size-large\"><a href=\"https:\/\/tracedetrail.fr\/fr\/trace\/315307\"><img loading=\"lazy\" decoding=\"async\" width=\"1024\" height=\"513\" src=\"http:\/\/latavernoise.fr\/wp-content\/uploads\/2025\/10\/trace-trail-des-fours-a-chaux-1-1024x513.jpg\" alt=\"\" class=\"wp-image-304\" srcset=\"http:\/\/latavernoise.fr\/wp-content\/uploads\/2025\/10\/trace-trail-des-fours-a-chaux-1-1024x513.jpg 1024w, http:\/\/latavernoise.fr\/wp-content\/uploads\/2025\/10\/trace-trail-des-fours-a-chaux-1-300x150.jpg 300w, http:\/\/latavernoise.fr\/wp-content\/uploads\/2025\/10\/trace-trail-des-fours-a-chaux-1.jpg 1172w\" sizes=\"(max-width: 1024px) 100vw, 1024px\" \/><\/a><\/figure>\n<\/div>\n\n\n\n<div class=\"wp-block-column is-layout-flow wp-block-column-is-layout-flow\" style=\"padding-top:0;padding-right:0;padding-bottom:0;padding-left:0\">\n<figure class=\"wp-block-image\"><a href=\"https:\/\/tracedetrail.fr\/fr\/trace\/315307\"><img loading=\"lazy\" decoding=\"async\" width=\"800\" height=\"500\" src=\"http:\/\/latavernoise.fr\/wp-content\/uploads\/2025\/10\/parcours-des-fours-a-chaux.jpg\" alt=\"\" class=\"wp-image-275\" srcset=\"http:\/\/latavernoise.fr\/wp-content\/uploads\/2025\/10\/parcours-des-fours-a-chaux.jpg 800w, http:\/\/latavernoise.fr\/wp-content\/uploads\/2025\/10\/parcours-des-fours-a-chaux-300x188.jpg 300w\" sizes=\"(max-width: 800px) 100vw, 800px\" \/><\/a><\/figure>\n<\/div>\n<\/div>\n<\/div>\n\n\n\n<hr class=\"wp-block-separator has-alpha-channel-opacity\"\/>\n\n\n\n<div class=\"wp-block-group alignfull has-global-padding is-layout-constrained wp-block-group-is-layout-constrained\">\n<div class=\"wp-block-group has-global-padding is-layout-constrained wp-block-group-is-layout-constrained\" style=\"padding-top:var(--wp--preset--spacing--small);padding-bottom:var(--wp--preset--spacing--small)\">\n<div class=\"wp-block-columns is-layout-flex wp-container-core-columns-is-layout-c375d253 wp-block-columns-is-layout-flex\">\n<div class=\"wp-block-column is-vertically-aligned-center is-layout-flow wp-block-column-is-layout-flow\">\n<h2 class=\"wp-block-heading has-medium-font-size\" style=\"text-transform:uppercase\">LA TAVERNOISE<\/h2>\n\n\n\n<p><\/p>\n\n\n\n<ul class=\"wp-block-list\">\n<li>Le &#8220;<strong><mark style=\"background-color:rgba(0, 0, 0, 0)\" class=\"has-inline-color has-secondary-color\">trail des fours \u00e0 chaux<\/mark><\/strong>&#8221; avec un d\u00e9nivel\u00e9 de 200 m positifs est accessible \u00e0 tous, d\u00e9butants ou confirm\u00e9s de cadet \u00e0 master 10.<\/li>\n<\/ul>\n\n\n\n<p><\/p>\n\n\n\n<div class=\"wp-block-buttons is-horizontal is-content-justification-left is-layout-flex wp-container-core-buttons-is-layout-20be11b6 wp-block-buttons-is-layout-flex\">\n<div class=\"wp-block-button is-style-outline is-style-outline--1\"><a class=\"wp-block-button__link wp-element-button\" href=\"https:\/\/chronogard.fr\/?action=event&amp;id=81\" style=\"border-radius:0px\">S&#8217;inscrire<\/a><\/div>\n<\/div>\n\n\n\n<p><\/p>\n<\/div>\n\n\n\n<div class=\"wp-block-column is-layout-flow wp-block-column-is-layout-flow\">\n<figure class=\"wp-block-image size-full\"><img loading=\"lazy\" decoding=\"async\" width=\"800\" height=\"600\" src=\"http:\/\/latavernoise.fr\/wp-content\/uploads\/2025\/10\/fours-a-chaux-4-1.jpg\" alt=\"\" class=\"wp-image-263\" srcset=\"http:\/\/latavernoise.fr\/wp-content\/uploads\/2025\/10\/fours-a-chaux-4-1.jpg 800w, http:\/\/latavernoise.fr\/wp-content\/uploads\/2025\/10\/fours-a-chaux-4-1-300x225.jpg 300w\" sizes=\"(max-width: 800px) 100vw, 800px\" \/><\/figure>\n<\/div>\n<\/div>\n\n\n\n<div style=\"height:30px\" aria-hidden=\"true\" class=\"wp-block-spacer\"><\/div>\n\n\n\n<hr class=\"wp-block-separator has-alpha-channel-opacity\"\/>\n<\/div>\n<\/div>\n\n\n\n<div class=\"wp-block-group alignfull has-background has-global-padding is-layout-constrained wp-block-group-is-layout-constrained\">\n<div class=\"wp-block-group has-global-padding is-layout-constrained wp-block-group-is-layout-constrained\" style=\"padding-top:var(--wp--preset--spacing--small);padding-bottom:var(--wp--preset--spacing--small)\">\n<div class=\"wp-block-columns are-vertically-aligned-center is-layout-flex wp-container-core-columns-is-layout-c375d253 wp-block-columns-is-layout-flex\">\n<div class=\"wp-block-column is-vertically-aligned-center is-layout-flow wp-block-column-is-layout-flow\">\n<figure class=\"wp-block-image size-full\"><img loading=\"lazy\" decoding=\"async\" width=\"2560\" height=\"1707\" src=\"http:\/\/latavernoise.fr\/wp-content\/uploads\/2025\/09\/passage-fours-a-chaux-4-scaled.jpg\" alt=\"\" class=\"wp-image-183\" srcset=\"http:\/\/latavernoise.fr\/wp-content\/uploads\/2025\/09\/passage-fours-a-chaux-4-scaled.jpg 2560w, http:\/\/latavernoise.fr\/wp-content\/uploads\/2025\/09\/passage-fours-a-chaux-4-300x200.jpg 300w, http:\/\/latavernoise.fr\/wp-content\/uploads\/2025\/09\/passage-fours-a-chaux-4-1024x683.jpg 1024w, http:\/\/latavernoise.fr\/wp-content\/uploads\/2025\/09\/passage-fours-a-chaux-4-2000x1333.jpg 2000w\" sizes=\"(max-width: 2560px) 100vw, 2560px\" \/><\/figure>\n<\/div>\n\n\n\n<div class=\"wp-block-column is-vertically-aligned-center is-layout-flow wp-block-column-is-layout-flow\">\n<h2 class=\"wp-block-heading has-medium-font-size\" style=\"text-transform:uppercase\">LA TAVERNOISE<\/h2>\n\n\n\n<p><\/p>\n\n\n\n<ul class=\"wp-block-list\">\n<li>le &#8220;<strong><mark style=\"background-color:rgba(0, 0, 0, 0)\" class=\"has-inline-color has-secondary-color\">trail des fours \u00e0 chaux<\/mark><\/strong>&#8220;, un parcours au milieu du patrimoine de la commune de Ribaute les Tavernes. Pour qu&#8217;ils ne tombent pas dans l&#8217;oubli au fil du temps, venez d\u00e9couvrir les fours \u00e0 chaux.<\/li>\n<\/ul>\n\n\n\n<p>le 8 mars 2026<\/p>\n\n\n\n<div class=\"wp-block-buttons is-layout-flex wp-block-buttons-is-layout-flex\">\n<div class=\"wp-block-button is-style-outline is-style-outline--2\"><a class=\"wp-block-button__link wp-element-button\" href=\"http:\/\/latavernoise.fr\/index.php\/resultats\/\" style=\"border-radius:0px\">R\u00e9sultats du <mark style=\"background-color:rgba(0, 0, 0, 0)\" class=\"has-inline-color has-secondary-color\"><strong>Trail des fours \u00e0 chaux<\/strong><\/mark><\/a><\/div>\n<\/div>\n<\/div>\n<\/div>\n<\/div>\n<\/div>\n\n\n\n<hr class=\"wp-block-separator has-alpha-channel-opacity\"\/>\n\n\n\n<div class=\"wp-block-columns is-layout-flex wp-container-core-columns-is-layout-c375d253 wp-block-columns-is-layout-flex\">\n<div class=\"wp-block-column is-vertically-aligned-center is-layout-flow wp-block-column-is-layout-flow\">\n<h2 class=\"wp-block-heading has-medium-font-size\" style=\"text-transform:uppercase\">LA TAVERNOISE<\/h2>\n\n\n\n<p><\/p>\n\n\n\n<ul class=\"wp-block-list\">\n<li>Le &#8220;<strong><mark style=\"background-color:rgba(0, 0, 0, 0)\" class=\"has-inline-color has-secondary-color\">trail des fours \u00e0 chaux<\/mark><\/strong>&#8220;<\/li>\n\n\n\n<li>11,350 kms 200 D+<\/li>\n<\/ul>\n\n\n\n<p><\/p>\n\n\n\n<div class=\"wp-block-buttons is-horizontal is-content-justification-left is-layout-flex wp-container-core-buttons-is-layout-20be11b6 wp-block-buttons-is-layout-flex\">\n<div class=\"wp-block-button is-style-outline is-style-outline--3\"><a class=\"wp-block-button__link wp-element-button\" href=\"https:\/\/tracedetrail.fr\/fr\/trace\/315307\" style=\"border-radius:0px\">Trac\u00e9 et d\u00e9nivel\u00e9<\/a><\/div>\n<\/div>\n\n\n\n<p><\/p>\n<\/div>\n\n\n\n<div class=\"wp-block-column is-layout-flow wp-block-column-is-layout-flow\">\n<figure class=\"wp-block-image size-large\"><img loading=\"lazy\" decoding=\"async\" width=\"1024\" height=\"683\" src=\"http:\/\/latavernoise.fr\/wp-content\/uploads\/2025\/09\/passage-fours-a-chaux-2-1024x683.jpg\" alt=\"\" class=\"wp-image-182\" srcset=\"http:\/\/latavernoise.fr\/wp-content\/uploads\/2025\/09\/passage-fours-a-chaux-2-1024x683.jpg 1024w, http:\/\/latavernoise.fr\/wp-content\/uploads\/2025\/09\/passage-fours-a-chaux-2-300x200.jpg 300w, http:\/\/latavernoise.fr\/wp-content\/uploads\/2025\/09\/passage-fours-a-chaux-2-2000x1333.jpg 2000w\" sizes=\"(max-width: 1024px) 100vw, 1024px\" \/><\/figure>\n<\/div>\n<\/div>\n\n\n\n<hr class=\"wp-block-separator has-alpha-channel-opacity\"\/>\n\n\n\n<div id=\"team\" class=\"wp-block-group has-global-padding is-layout-constrained wp-block-group-is-layout-constrained\">\n<div class=\"wp-block-buttons is-content-justification-center is-layout-flex wp-container-core-buttons-is-layout-a89b3969 wp-block-buttons-is-layout-flex\">\n<div class=\"wp-block-button has-custom-width wp-block-button__width-75\"><a class=\"wp-block-button__link has-secondary-color has-text-color has-link-color has-large-font-size has-custom-font-size wp-element-button\" href=\"http:\/\/latavernoise.fr\/index.php\/resultats\/\"><strong>Vos PHOTOS du &#8220;Trail des fours \u00e0 chaux&#8221;<\/strong><\/a><\/div>\n<\/div>\n<\/div>\n\n\n\n<hr class=\"wp-block-separator has-alpha-channel-opacity\"\/>\n\n\n\n<div class=\"wp-block-cover alignfull has-parallax is-position-center-center\" style=\"border-radius:0px\"><div class=\"wp-block-cover__image-background wp-image-263 size-full has-parallax\" style=\"background-position:50% 50%;background-image:url(http:\/\/latavernoise.fr\/wp-content\/uploads\/2025\/10\/fours-a-chaux-4-1.jpg)\"><\/div><span aria-hidden=\"true\" class=\"wp-block-cover__background has-black-background-color has-background-dim-40 has-background-dim\"><\/span><div class=\"wp-block-cover__inner-container is-layout-flow wp-block-cover-is-layout-flow\">\n<div class=\"wp-block-group has-global-padding is-layout-constrained wp-block-group-is-layout-constrained\">\n<h3 class=\"wp-block-heading has-text-align-center has-text-color has-medium-font-size\" style=\"color:#fffffa;text-transform:uppercase\">REJOIGNEZ-NOUS<\/h3>\n\n\n\n<p class=\"has-text-align-center has-white-color has-text-color\">Nous avons besoin de b\u00e9n\u00e9voles le jour de la course : signaleurs, ravitailleurs&#8230;<\/p>\n\n\n\n<div style=\"height:31px\" aria-hidden=\"true\" class=\"wp-block-spacer\"><\/div>\n\n\n\n<div class=\"wp-block-buttons is-horizontal is-content-justification-center is-layout-flex wp-container-core-buttons-is-layout-03627597 wp-block-buttons-is-layout-flex\">\n<div class=\"wp-block-button is-style-outline is-style-outline--4\"><a class=\"wp-block-button__link has-white-color has-text-color wp-element-button\" href=\"#\" style=\"border-radius:0px\">Nous contacter<\/a><\/div>\n<\/div>\n<\/div>\n<\/div><\/div>\n\n\n\n<div id=\"news\" class=\"wp-block-group has-global-padding is-layout-constrained wp-block-group-is-layout-constrained\">\n<p><\/p>\n\n\n\n<p><\/p>\n<\/div>\n\n\n\n<p><\/p>\n","protected":false},"excerpt":{"rendered":"<p>LE TRAIL DES FOURS A CHAUX Le Trail des fours \u00e0 chaux parcourt la Montagnade de Ribaute les Tavernes sur un circuit de 11,350 kms avec un d\u00e9nivel\u00e9 de 200 m positifs. Ouvert \u00e0 toutes et tous, venez participer \u00e0 ce trail des fours \u00e0 chaux le 8 mars 2026. D\u00e9part \u00e0 9h30 au foyer &hellip; <\/p>\n<p class=\"link-more\"><a href=\"http:\/\/latavernoise.fr\/index.php\/le-trail-des-fours-a-chaux\/\" class=\"more-link\">Read more<span class=\"screen-reader-text\"> &#8220;Le Trail des fours \u00e0 chaux&#8221;<\/span><\/a><\/p>\n","protected":false},"author":1,"featured_media":265,"parent":0,"menu_order":0,"comment_status":"closed","ping_status":"closed","template":"","meta":{"footnotes":""},"class_list":["post-167","page","type-page","status-publish","has-post-thumbnail","hentry"],"_links":{"self":[{"href":"http:\/\/latavernoise.fr\/index.php\/wp-json\/wp\/v2\/pages\/167","targetHints":{"allow":["GET"]}}],"collection":[{"href":"http:\/\/latavernoise.fr\/index.php\/wp-json\/wp\/v2\/pages"}],"about":[{"href":"http:\/\/latavernoise.fr\/index.php\/wp-json\/wp\/v2\/types\/page"}],"author":[{"embeddable":true,"href":"http:\/\/latavernoise.fr\/index.php\/wp-json\/wp\/v2\/users\/1"}],"replies":[{"embeddable":true,"href":"http:\/\/latavernoise.fr\/index.php\/wp-json\/wp\/v2\/comments?post=167"}],"version-history":[{"count":30,"href":"http:\/\/latavernoise.fr\/index.php\/wp-json\/wp\/v2\/pages\/167\/revisions"}],"predecessor-version":[{"id":460,"href":"http:\/\/latavernoise.fr\/index.php\/wp-json\/wp\/v2\/pages\/167\/revisions\/460"}],"wp:featuredmedia":[{"embeddable":true,"href":"http:\/\/latavernoise.fr\/index.php\/wp-json\/wp\/v2\/media\/265"}],"wp:attachment":[{"href":"http:\/\/latavernoise.fr\/index.php\/wp-json\/wp\/v2\/media?parent=167"}],"curies":[{"name":"wp","href":"https:\/\/api.w.org\/{rel}","templated":true}]}}