{"id":156,"date":"2025-09-28T08:55:09","date_gmt":"2025-09-28T08:55:09","guid":{"rendered":"http:\/\/latavernoise.fr\/?page_id=156"},"modified":"2026-03-11T14:26:13","modified_gmt":"2026-03-11T14:26:13","slug":"le-petit-trail-des-vignes","status":"publish","type":"page","link":"http:\/\/latavernoise.fr\/index.php\/le-petit-trail-des-vignes\/","title":{"rendered":"Le petit Trail des vignes"},"content":{"rendered":"\n<div class=\"wp-block-group has-global-padding is-layout-constrained wp-block-group-is-layout-constrained\">\n<h2 class=\"wp-block-heading has-text-align-center has-medium-font-size\" style=\"letter-spacing:1px\"><mark style=\"background-color:rgba(0, 0, 0, 0);color:#fb0cb7\" class=\"has-inline-color\"><strong>LE PETIT TRAIL DES VIGNES<\/strong><\/mark><\/h2>\n\n\n\n<p class=\"has-text-align-center\">Le petit Trail des vignes parcourt la campagne et les vignes de Ribaute les Tavernes sur un circuit de 5 kms accessible \u00e0 tous de Minimes \u00e0 Master 10.<\/p>\n\n\n\n<p class=\"has-text-align-center\">Gr\u00e2ce \u00e0 son d\u00e9nivel\u00e9 de 0%, les minimes sont accept\u00e9s sur ce parcours.<\/p>\n\n\n\n<p class=\"has-text-align-center\">Ouvert \u00e0 toutes et tous, venez participer \u00e0 ce petit trail des vignes le <strong>8 mars 2026<\/strong>. D\u00e9part \u00e0 9h45 au foyer de Ribaute les Tavernes.<\/p>\n\n\n\n<p class=\"has-text-align-center\"><\/p>\n\n\n\n<p class=\"has-text-align-center\"><mark style=\"background-color:rgba(0, 0, 0, 0);color:#fb0cb7\" class=\"has-inline-color\">LE <strong>PETIT TRAIL DES VIGNES<\/strong>.<\/mark><\/p>\n\n\n\n<hr class=\"wp-block-separator has-alpha-channel-opacity\"\/>\n<\/div>\n\n\n\n<div id=\"services\" class=\"wp-block-group alignfull pattern_multiple_covers has-background has-global-padding is-layout-constrained wp-block-group-is-layout-constrained\">\n<div class=\"wp-block-columns is-layout-flex wp-container-core-columns-is-layout-28f84493 wp-block-columns-is-layout-flex\">\n<div class=\"wp-block-column is-layout-flow wp-block-column-is-layout-flow\" style=\"padding-top:0;padding-right:0;padding-bottom:0;padding-left:0\">\n<div class=\"wp-block-cover has-custom-content-position is-position-bottom-left\" style=\"padding-top:var(--wp--preset--spacing--small);padding-right:var(--wp--preset--spacing--x-small);padding-bottom:var(--wp--preset--spacing--small);padding-left:var(--wp--preset--spacing--x-small)\"><img fetchpriority=\"high\" decoding=\"async\" width=\"1772\" height=\"1181\" class=\"wp-block-cover__image-background wp-image-297 size-full\" alt=\"\" src=\"http:\/\/latavernoise.fr\/wp-content\/uploads\/2025\/10\/trail-la-tavernoise-5.jpg\" data-object-fit=\"cover\" srcset=\"http:\/\/latavernoise.fr\/wp-content\/uploads\/2025\/10\/trail-la-tavernoise-5.jpg 1772w, http:\/\/latavernoise.fr\/wp-content\/uploads\/2025\/10\/trail-la-tavernoise-5-300x200.jpg 300w, http:\/\/latavernoise.fr\/wp-content\/uploads\/2025\/10\/trail-la-tavernoise-5-1024x682.jpg 1024w\" sizes=\"(max-width: 1772px) 100vw, 1772px\" \/><span aria-hidden=\"true\" class=\"wp-block-cover__background has-primary-background-color has-background-dim-0 has-background-dim\"><\/span><div class=\"wp-block-cover__inner-container is-layout-flow wp-block-cover-is-layout-flow\">\n<h3 class=\"wp-block-heading has-white-color has-text-color has-medium-font-size\" style=\"margin-top:0;margin-right:0;margin-bottom:0;margin-left:0\"><\/h3>\n\n\n\n<p class=\"has-secondary-color has-text-color has-link-color wp-elements-c3acfab671ecef1fc7828190480d9a42\" style=\"margin-top:0;margin-right:0;margin-bottom:0;margin-left:0\"><\/p>\n<\/div><\/div>\n<\/div>\n\n\n\n<div class=\"wp-block-column is-layout-flow wp-block-column-is-layout-flow\" style=\"padding-top:0;padding-right:0;padding-bottom:0;padding-left:0\">\n<div class=\"wp-block-cover has-custom-content-position is-position-bottom-left\" style=\"padding-top:var(--wp--preset--spacing--small);padding-right:var(--wp--preset--spacing--x-small);padding-bottom:var(--wp--preset--spacing--small);padding-left:var(--wp--preset--spacing--x-small)\"><img decoding=\"async\" width=\"1024\" height=\"682\" class=\"wp-block-cover__image-background wp-image-210 size-large\" alt=\"\" src=\"http:\/\/latavernoise.fr\/wp-content\/uploads\/2025\/09\/tavernoise-2024-1024x682.jpg\" data-object-fit=\"cover\" srcset=\"http:\/\/latavernoise.fr\/wp-content\/uploads\/2025\/09\/tavernoise-2024-1024x682.jpg 1024w, http:\/\/latavernoise.fr\/wp-content\/uploads\/2025\/09\/tavernoise-2024-300x200.jpg 300w, http:\/\/latavernoise.fr\/wp-content\/uploads\/2025\/09\/tavernoise-2024.jpg 1772w\" sizes=\"(max-width: 1024px) 100vw, 1024px\" \/><span aria-hidden=\"true\" class=\"wp-block-cover__background has-background-dim-0 has-background-dim\"><\/span><div class=\"wp-block-cover__inner-container is-layout-flow wp-block-cover-is-layout-flow\">\n<h3 class=\"wp-block-heading has-white-color has-text-color has-medium-font-size\" style=\"margin-top:0;margin-right:0;margin-bottom:0;margin-left:0\"><\/h3>\n\n\n\n<p class=\"has-secondary-color has-text-color has-link-color wp-elements-c3acfab671ecef1fc7828190480d9a42\" style=\"margin-top:0;margin-right:0;margin-bottom:0;margin-left:0\"><\/p>\n<\/div><\/div>\n<\/div>\n<\/div>\n<\/div>\n\n\n\n<hr class=\"wp-block-separator has-alpha-channel-opacity\"\/>\n\n\n\n<div id=\"services\" class=\"wp-block-group alignfull pattern_multiple_covers has-background has-global-padding is-layout-constrained wp-block-group-is-layout-constrained\">\n<div class=\"wp-block-columns is-layout-flex wp-container-core-columns-is-layout-28f84493 wp-block-columns-is-layout-flex\">\n<div class=\"wp-block-column is-layout-flow wp-block-column-is-layout-flow\" style=\"padding-top:0;padding-right:0;padding-bottom:0;padding-left:0\">\n<figure class=\"wp-block-image\"><a href=\"https:\/\/tracedetrail.fr\/fr\/trace\/315568\"><img decoding=\"async\" width=\"782\" height=\"454\" src=\"http:\/\/latavernoise.fr\/wp-content\/uploads\/2025\/10\/trace-petit-trail-des-vignes.jpg\" alt=\"\" class=\"wp-image-314\" srcset=\"http:\/\/latavernoise.fr\/wp-content\/uploads\/2025\/10\/trace-petit-trail-des-vignes.jpg 782w, http:\/\/latavernoise.fr\/wp-content\/uploads\/2025\/10\/trace-petit-trail-des-vignes-300x174.jpg 300w\" sizes=\"(max-width: 782px) 100vw, 782px\" \/><\/a><\/figure>\n<\/div>\n\n\n\n<div class=\"wp-block-column is-layout-flow wp-block-column-is-layout-flow\" style=\"padding-top:0;padding-right:0;padding-bottom:0;padding-left:0\">\n<figure class=\"wp-block-image\"><a href=\"https:\/\/tracedetrail.fr\/fr\/trace\/315568\"><img loading=\"lazy\" decoding=\"async\" width=\"800\" height=\"500\" src=\"http:\/\/latavernoise.fr\/wp-content\/uploads\/2025\/10\/parcours-des-vignes.jpg\" alt=\"\" class=\"wp-image-315\" srcset=\"http:\/\/latavernoise.fr\/wp-content\/uploads\/2025\/10\/parcours-des-vignes.jpg 800w, http:\/\/latavernoise.fr\/wp-content\/uploads\/2025\/10\/parcours-des-vignes-300x188.jpg 300w\" sizes=\"(max-width: 800px) 100vw, 800px\" \/><\/a><\/figure>\n<\/div>\n<\/div>\n<\/div>\n\n\n\n<hr class=\"wp-block-separator has-alpha-channel-opacity\"\/>\n\n\n\n<div class=\"wp-block-group has-global-padding is-layout-constrained wp-block-group-is-layout-constrained\" style=\"padding-top:var(--wp--preset--spacing--small);padding-bottom:var(--wp--preset--spacing--small)\">\n<div class=\"wp-block-columns is-layout-flex wp-container-core-columns-is-layout-c375d253 wp-block-columns-is-layout-flex\">\n<div class=\"wp-block-column is-vertically-aligned-center is-layout-flow wp-block-column-is-layout-flow\">\n<h2 class=\"wp-block-heading has-medium-font-size\" style=\"text-transform:uppercase\">LA TAVERNOISE<\/h2>\n\n\n\n<p><\/p>\n\n\n\n<ul class=\"wp-block-list\">\n<li>Le &#8220;<strong><mark style=\"background-color:rgba(0, 0, 0, 0);color:#ff05e3\" class=\"has-inline-color\">petit Trail des vignes<\/mark><\/strong>&#8221; avec un d\u00e9nivel\u00e9 \u00e0 0% est accessible \u00e0 tous, d\u00e9butants ou confirm\u00e9s de minimes \u00e0 master 10.<\/li>\n<\/ul>\n\n\n\n<p><\/p>\n\n\n\n<div class=\"wp-block-buttons is-horizontal is-content-justification-left is-layout-flex wp-container-core-buttons-is-layout-20be11b6 wp-block-buttons-is-layout-flex\">\n<div class=\"wp-block-button is-style-outline is-style-outline--1\"><a class=\"wp-block-button__link wp-element-button\" href=\"https:\/\/chronogard.fr\/?action=event&amp;id=81\" style=\"border-radius:0px\">S&#8217;inscrire<\/a><\/div>\n<\/div>\n\n\n\n<p><\/p>\n<\/div>\n\n\n\n<div class=\"wp-block-column is-layout-flow wp-block-column-is-layout-flow\">\n<figure class=\"wp-block-image size-full\"><img loading=\"lazy\" decoding=\"async\" width=\"800\" height=\"600\" src=\"http:\/\/latavernoise.fr\/wp-content\/uploads\/2025\/10\/vignes-1.jpg\" alt=\"\" class=\"wp-image-246\" srcset=\"http:\/\/latavernoise.fr\/wp-content\/uploads\/2025\/10\/vignes-1.jpg 800w, http:\/\/latavernoise.fr\/wp-content\/uploads\/2025\/10\/vignes-1-300x225.jpg 300w\" sizes=\"(max-width: 800px) 100vw, 800px\" \/><\/figure>\n<\/div>\n<\/div>\n\n\n\n<div style=\"height:30px\" aria-hidden=\"true\" class=\"wp-block-spacer\"><\/div>\n\n\n\n<hr class=\"wp-block-separator has-alpha-channel-opacity\"\/>\n<\/div>\n\n\n\n<div class=\"wp-block-group alignfull has-background has-global-padding is-layout-constrained wp-block-group-is-layout-constrained\">\n<div class=\"wp-block-group has-global-padding is-layout-constrained wp-block-group-is-layout-constrained\" style=\"padding-top:var(--wp--preset--spacing--small);padding-bottom:var(--wp--preset--spacing--small)\">\n<div class=\"wp-block-columns are-vertically-aligned-center is-layout-flex wp-container-core-columns-is-layout-c375d253 wp-block-columns-is-layout-flex\">\n<div class=\"wp-block-column is-vertically-aligned-center is-layout-flow wp-block-column-is-layout-flow\">\n<figure class=\"wp-block-image size-full\"><img loading=\"lazy\" decoding=\"async\" width=\"1772\" height=\"1181\" src=\"http:\/\/latavernoise.fr\/wp-content\/uploads\/2025\/11\/trail-la-tavernoise-7.jpg\" alt=\"\" class=\"wp-image-438\" srcset=\"http:\/\/latavernoise.fr\/wp-content\/uploads\/2025\/11\/trail-la-tavernoise-7.jpg 1772w, http:\/\/latavernoise.fr\/wp-content\/uploads\/2025\/11\/trail-la-tavernoise-7-300x200.jpg 300w, http:\/\/latavernoise.fr\/wp-content\/uploads\/2025\/11\/trail-la-tavernoise-7-1024x682.jpg 1024w\" sizes=\"(max-width: 1772px) 100vw, 1772px\" \/><\/figure>\n<\/div>\n\n\n\n<div class=\"wp-block-column is-vertically-aligned-center is-layout-flow wp-block-column-is-layout-flow\">\n<h2 class=\"wp-block-heading has-medium-font-size\" style=\"text-transform:uppercase\">LA TAVERNOISE<\/h2>\n\n\n\n<p><\/p>\n\n\n\n<ul class=\"wp-block-list\">\n<li><strong><mark style=\"background-color:rgba(0, 0, 0, 0);color:#fb0cb7\" class=\"has-inline-color\">le petit trail des vignes<\/mark><\/strong><\/li>\n<\/ul>\n\n\n\n<p>le 8 mars 2026<\/p>\n\n\n\n<div class=\"wp-block-buttons is-layout-flex wp-block-buttons-is-layout-flex\">\n<div class=\"wp-block-button is-style-outline is-style-outline--2\"><a class=\"wp-block-button__link wp-element-button\" href=\"http:\/\/latavernoise.fr\/index.php\/resultats\/\" style=\"border-radius:0px\">R\u00e9sultats du <mark style=\"background-color:rgba(0, 0, 0, 0);color:#fb0cb7\" class=\"has-inline-color\"><strong>petit Trail des vignes<\/strong><\/mark><\/a><\/div>\n<\/div>\n<\/div>\n<\/div>\n<\/div>\n<\/div>\n\n\n\n<hr class=\"wp-block-separator has-alpha-channel-opacity\"\/>\n\n\n\n<div id=\"partners\" class=\"wp-block-group has-global-padding is-content-justification-center is-layout-constrained wp-container-core-group-is-layout-dc06fb1d wp-block-group-is-layout-constrained\">\n<div class=\"wp-block-columns is-layout-flex wp-container-core-columns-is-layout-c375d253 wp-block-columns-is-layout-flex\">\n<div class=\"wp-block-column is-vertically-aligned-center is-layout-flow wp-block-column-is-layout-flow\">\n<h2 class=\"wp-block-heading has-medium-font-size\" style=\"text-transform:uppercase\">LA TAVERNOISE<\/h2>\n\n\n\n<p><\/p>\n\n\n\n<ul class=\"wp-block-list\">\n<li>Le &#8220;<strong><mark style=\"background-color:rgba(0, 0, 0, 0);color:#fb0cb7\" class=\"has-inline-color\">petit trail des vignes<\/mark><\/strong>&#8221; avec un d\u00e9nivel\u00e9 de 0 % est accessible \u00e0 tous, d\u00e9butants, confirm\u00e9s et m\u00eame minimes&#8230;sur une distance de 5 kms.<\/li>\n<\/ul>\n\n\n\n<p><\/p>\n\n\n\n<div class=\"wp-block-buttons is-horizontal is-content-justification-left is-layout-flex wp-container-core-buttons-is-layout-20be11b6 wp-block-buttons-is-layout-flex\">\n<div class=\"wp-block-button is-style-outline is-style-outline--3\"><a class=\"wp-block-button__link wp-element-button\" href=\"https:\/\/tracedetrail.fr\/fr\/trace\/315568\" style=\"border-radius:0px\">Trac\u00e9<\/a><\/div>\n<\/div>\n\n\n\n<p><\/p>\n<\/div>\n\n\n\n<div class=\"wp-block-column is-layout-flow wp-block-column-is-layout-flow\">\n<figure class=\"wp-block-image size-large\"><img loading=\"lazy\" decoding=\"async\" width=\"1024\" height=\"682\" src=\"http:\/\/latavernoise.fr\/wp-content\/uploads\/2025\/11\/trail-la-tavernoise-8-1024x682.jpg\" alt=\"\" class=\"wp-image-440\" srcset=\"http:\/\/latavernoise.fr\/wp-content\/uploads\/2025\/11\/trail-la-tavernoise-8-1024x682.jpg 1024w, http:\/\/latavernoise.fr\/wp-content\/uploads\/2025\/11\/trail-la-tavernoise-8-300x200.jpg 300w, http:\/\/latavernoise.fr\/wp-content\/uploads\/2025\/11\/trail-la-tavernoise-8.jpg 1772w\" sizes=\"(max-width: 1024px) 100vw, 1024px\" \/><\/figure>\n<\/div>\n<\/div>\n<\/div>\n\n\n\n<hr class=\"wp-block-separator has-alpha-channel-opacity\"\/>\n\n\n\n<div class=\"wp-block-cover alignfull has-parallax is-position-center-center\" style=\"border-radius:0px\"><div class=\"wp-block-cover__image-background wp-image-246 size-full has-parallax\" style=\"background-position:50% 50%;background-image:url(http:\/\/latavernoise.fr\/wp-content\/uploads\/2025\/10\/vignes-1.jpg)\"><\/div><span aria-hidden=\"true\" class=\"wp-block-cover__background has-black-background-color has-background-dim-40 has-background-dim\"><\/span><div class=\"wp-block-cover__inner-container is-layout-flow wp-block-cover-is-layout-flow\">\n<div class=\"wp-block-group has-global-padding is-layout-constrained wp-block-group-is-layout-constrained\">\n<h3 class=\"wp-block-heading has-text-align-center has-text-color has-medium-font-size\" style=\"color:#fffffa;text-transform:uppercase\">REJOIGNEZ-NOUS<\/h3>\n\n\n\n<p class=\"has-text-align-center has-white-color has-text-color\">Nous avons besoin de b\u00e9n\u00e9voles le jour de la course : signaleurs, ravitailleurs&#8230;<\/p>\n\n\n\n<div style=\"height:31px\" aria-hidden=\"true\" class=\"wp-block-spacer\"><\/div>\n\n\n\n<div class=\"wp-block-buttons is-horizontal is-content-justification-center is-layout-flex wp-container-core-buttons-is-layout-03627597 wp-block-buttons-is-layout-flex\">\n<div class=\"wp-block-button is-style-outline is-style-outline--4\"><a class=\"wp-block-button__link has-white-color has-text-color wp-element-button\" href=\"#\" style=\"border-radius:0px\">Nous contacter<\/a><\/div>\n<\/div>\n<\/div>\n<\/div><\/div>\n\n\n\n<div id=\"news\" class=\"wp-block-group has-global-padding is-layout-constrained wp-block-group-is-layout-constrained\">\n<p class=\"has-text-align-left has-secondary-color has-text-color\"><\/p>\n<\/div>\n","protected":false},"excerpt":{"rendered":"<p>LE PETIT TRAIL DES VIGNES Le petit Trail des vignes parcourt la campagne et les vignes de Ribaute les Tavernes sur un circuit de 5 kms accessible \u00e0 tous de Minimes \u00e0 Master 10. Gr\u00e2ce \u00e0 son d\u00e9nivel\u00e9 de 0%, les minimes sont accept\u00e9s sur ce parcours. Ouvert \u00e0 toutes et tous, venez participer \u00e0 &hellip; <\/p>\n<p class=\"link-more\"><a href=\"http:\/\/latavernoise.fr\/index.php\/le-petit-trail-des-vignes\/\" class=\"more-link\">Read more<span class=\"screen-reader-text\"> &#8220;Le petit Trail des vignes&#8221;<\/span><\/a><\/p>\n","protected":false},"author":1,"featured_media":246,"parent":0,"menu_order":0,"comment_status":"closed","ping_status":"closed","template":"","meta":{"footnotes":""},"class_list":["post-156","page","type-page","status-publish","has-post-thumbnail","hentry"],"_links":{"self":[{"href":"http:\/\/latavernoise.fr\/index.php\/wp-json\/wp\/v2\/pages\/156","targetHints":{"allow":["GET"]}}],"collection":[{"href":"http:\/\/latavernoise.fr\/index.php\/wp-json\/wp\/v2\/pages"}],"about":[{"href":"http:\/\/latavernoise.fr\/index.php\/wp-json\/wp\/v2\/types\/page"}],"author":[{"embeddable":true,"href":"http:\/\/latavernoise.fr\/index.php\/wp-json\/wp\/v2\/users\/1"}],"replies":[{"embeddable":true,"href":"http:\/\/latavernoise.fr\/index.php\/wp-json\/wp\/v2\/comments?post=156"}],"version-history":[{"count":30,"href":"http:\/\/latavernoise.fr\/index.php\/wp-json\/wp\/v2\/pages\/156\/revisions"}],"predecessor-version":[{"id":482,"href":"http:\/\/latavernoise.fr\/index.php\/wp-json\/wp\/v2\/pages\/156\/revisions\/482"}],"wp:featuredmedia":[{"embeddable":true,"href":"http:\/\/latavernoise.fr\/index.php\/wp-json\/wp\/v2\/media\/246"}],"wp:attachment":[{"href":"http:\/\/latavernoise.fr\/index.php\/wp-json\/wp\/v2\/media?parent=156"}],"curies":[{"name":"wp","href":"https:\/\/api.w.org\/{rel}","templated":true}]}}