{"id":112,"date":"2025-09-24T15:41:58","date_gmt":"2025-09-24T15:41:58","guid":{"rendered":"http:\/\/latavernoise.fr\/?page_id=112"},"modified":"2025-12-13T08:57:52","modified_gmt":"2025-12-13T08:57:52","slug":"reglement-des-courses","status":"publish","type":"page","link":"http:\/\/latavernoise.fr\/index.php\/reglement-des-courses\/","title":{"rendered":"R\u00e8glement"},"content":{"rendered":"<p>Lot \u00e0 l&#8217;inscription &#8211; 1 ravitaillement<\/p>\n<p>Article 1 : L&#8217;association &#8221; Cr\u00e9ation Photo et Sculpture&#8221; organise le 08 mars 2026 &#8220;<strong> le Trail des fours \u00e0 chaux<\/strong>&#8221; sur un parcours de 11,350 kms avec 200 D+ de Cadet \u00e0 Master 10 et &#8220;<strong>le petit Trail des vignes<\/strong>&#8221; sur un circuit de 5 kms 0% de d\u00e9nivel\u00e9 de Minimes \u00e0 Master 10 ainsi qu&#8217;une &#8220;Course Enfants&#8221;\u00a0 pour Baby, Mini Poussins et Poussins, un &#8220;Parcours Nature&#8221; de 3 kms pour les Benjamins\u00a0 et une &#8220;course sports adapt\u00e9s&#8221;.<\/p>\n<p>Article 2 : Le d\u00e9part des courses sera donn\u00e9 du foyer de Ribaute les Tavernes \u00e0 9 h 30 pour le &#8220;Trail des fours \u00e0 chaux&#8221; et 9 h 45 pour &#8220;le petit Trail des vignes&#8221;. Pour l&#8217;animation pour les enfants et la course sports adapt\u00e9s, le d\u00e9part sera donn\u00e9 \u00e0 partir de 10h45 suivant les cat\u00e9gories. Pour le &#8220;Parcours Nature&#8221; le d\u00e9part est pr\u00e9vu \u00e0 11h.\u00a0<\/p>\n<p>Article 3 :\u00a0Les courses sont ouvertes \u00e0 toutes et \u00e0 tous, licenci\u00e9s et non licenci\u00e9s \u00e0 partir des cat\u00e9gories minimes hommes et femmes.<\/p>\n<p>Article 4 :\u00a0Chaque concurrent devra pr\u00e9senter le <strong>N\u00b0 PPS<\/strong> qu&#8217;il aura t\u00e9l\u00e9charg\u00e9 sur son portable aupr\u00e8s de la FFA (<strong><a href=\"https:\/\/pps.athle.fr\">https:\/\/pps.athle.fr<\/a><\/strong>) ou une licence FFA. <strong>CERTIFICAT MEDICAL NON VALABLE.<\/strong><\/p>\n<p>Article 5 : Une collation est pr\u00e9vue \u00e0 mi-course sur le parcours du &#8220;Trail des fours \u00e0 chaux&#8221; et \u00e0 l&#8217;arriv\u00e9e pour tous. Un ravitaillement enfant est aussi pr\u00e9vu \u00e0 l&#8217;arriv\u00e9e de leur course.<\/p>\n<p>Article 6 : L&#8217;\u00e9preuve est encadr\u00e9e par les organisateurs, un M\u00e9decin et une Ambulance.<\/p>\n<p>Article 7 : Une assurance est souscrite par l&#8217;association, n\u00e9anmoins chaque participant est tenu d&#8217;avoir une assurance &#8221; responsabilit\u00e9 civile &#8221; personnelle. L&#8217;association d\u00e9cline toute responsabilit\u00e9 pour tous les accidents, imm\u00e9diats ou futurs, qui pourraient survenir aux concurrents du fait de leur participation \u00e0 cette \u00e9preuve.<\/p>\n<p>Article 8 : Les frais d&#8217;engagement sont fix\u00e9s \u00e0 7,00 \u20ac pour &#8220;le petit Trail des vignes&#8221;, 12 ,00 \u20ac pour le &#8220;Trail des fours \u00e0 chaux&#8221;.\u00a0 une participation sera revers\u00e9e \u00e0 l&#8217;association C.H.E.V.A.L. par la suite.<\/p>\n<p>Article 9 : Inscription en ligne sur\u00a0<a href=\"http:\/\/chronogard.fr\/\"><strong>CHRONOGARD.FR<\/strong><\/a>, sur place le jour de la course \u00e0 partir de 8 h 15 ou par ch\u00e8que \u00e0 l&#8217;ordre de &#8220;Association Cr\u00e9ation Photo et Sculpture&#8221; Adresse: Poulhon Julien 985 chemin Jean Cavalier 30720 Ribaute les Tavernes.<\/p>\n<p>Article 10 : R\u00e9compenses : 3 Premi\u00e8res femmes et hommes au &#8220;scratch&#8221; et la premi\u00e8re ainsi que le premier de chaque cat\u00e9gorie. La premi\u00e8re et le premier de Ribaute les Tavernes. Les r\u00e9compenses seront remises au foyer de Ribaute les Tavernes apr\u00e8s le dernier arriv\u00e9. Une dotation souvenir est pr\u00e9vue pour tous les participants \u00e0 la &#8220;course\u00a0 enfants&#8221; ainsi qu&#8217;une r\u00e9compense pour les 3 premiers ou premi\u00e8res de chaque cat\u00e9gorie qui seront r\u00e9compens\u00e9s sur le podium de suite apr\u00e8s leur course.<\/p>\n<p>Article 11 : Des photos seront prises pendant les courses et seront en t\u00e9l\u00e9chargement gratuit sur le site <em>latavernoise.fr<\/em>. Chaque participant renonce lors de son inscription \u00e0 chaque course de &#8220;la Tavernoise&#8221; \u00e0 son droit \u00e0 l&#8217;image.<\/p>\n<p><strong>Ne pas oublier le jour des courses d&#8217;avoir votre portable pour pouvoir pr\u00e9senter le N\u00b0 PPS \u00e0 t\u00e9l\u00e9charger aupr\u00e8s de la FFA.<\/strong><\/p>\n\n\n<figure class=\"wp-block-image aligncenter size-large\"><img fetchpriority=\"high\" decoding=\"async\" width=\"724\" height=\"1024\" src=\"http:\/\/latavernoise.fr\/wp-content\/uploads\/2025\/12\/affiche-724x1024.jpg\" alt=\"\" class=\"wp-image-462\" srcset=\"http:\/\/latavernoise.fr\/wp-content\/uploads\/2025\/12\/affiche-724x1024.jpg 724w, http:\/\/latavernoise.fr\/wp-content\/uploads\/2025\/12\/affiche-212x300.jpg 212w, http:\/\/latavernoise.fr\/wp-content\/uploads\/2025\/12\/affiche.jpg 886w\" sizes=\"(max-width: 724px) 100vw, 724px\" \/><\/figure>\n\n\n\n<p><\/p>\n","protected":false},"excerpt":{"rendered":"<p>Lot \u00e0 l&#8217;inscription &#8211; 1 ravitaillement Article 1 : L&#8217;association &#8221; Cr\u00e9ation Photo et Sculpture&#8221; organise le 08 mars 2026 &#8220; le Trail des fours \u00e0 chaux&#8221; sur un parcours de 11,350 kms avec 200 D+ de Cadet \u00e0 Master 10 et &#8220;le petit Trail des vignes&#8221; sur un circuit de 5 kms 0% de &hellip; <\/p>\n<p class=\"link-more\"><a href=\"http:\/\/latavernoise.fr\/index.php\/reglement-des-courses\/\" class=\"more-link\">Read more<span class=\"screen-reader-text\"> &#8220;R\u00e8glement&#8221;<\/span><\/a><\/p>\n","protected":false},"author":1,"featured_media":0,"parent":0,"menu_order":0,"comment_status":"closed","ping_status":"closed","template":"","meta":{"footnotes":""},"class_list":["post-112","page","type-page","status-publish","hentry"],"_links":{"self":[{"href":"http:\/\/latavernoise.fr\/index.php\/wp-json\/wp\/v2\/pages\/112","targetHints":{"allow":["GET"]}}],"collection":[{"href":"http:\/\/latavernoise.fr\/index.php\/wp-json\/wp\/v2\/pages"}],"about":[{"href":"http:\/\/latavernoise.fr\/index.php\/wp-json\/wp\/v2\/types\/page"}],"author":[{"embeddable":true,"href":"http:\/\/latavernoise.fr\/index.php\/wp-json\/wp\/v2\/users\/1"}],"replies":[{"embeddable":true,"href":"http:\/\/latavernoise.fr\/index.php\/wp-json\/wp\/v2\/comments?post=112"}],"version-history":[{"count":15,"href":"http:\/\/latavernoise.fr\/index.php\/wp-json\/wp\/v2\/pages\/112\/revisions"}],"predecessor-version":[{"id":464,"href":"http:\/\/latavernoise.fr\/index.php\/wp-json\/wp\/v2\/pages\/112\/revisions\/464"}],"wp:attachment":[{"href":"http:\/\/latavernoise.fr\/index.php\/wp-json\/wp\/v2\/media?parent=112"}],"curies":[{"name":"wp","href":"https:\/\/api.w.org\/{rel}","templated":true}]}}